{"id":5650,"date":"2024-12-10T14:00:01","date_gmt":"2024-12-10T14:00:01","guid":{"rendered":"https:\/\/www.haslachmuehle.at\/?page_id=5650"},"modified":"2024-12-20T13:03:53","modified_gmt":"2024-12-20T13:03:53","slug":"zimmer-backstube","status":"publish","type":"page","link":"https:\/\/www.haslachmuehle.at\/en\/zimmer-backstube\/","title":{"rendered":"Room Bakehouse"},"content":{"rendered":"<div data-elementor-type=\"wp-page\" data-elementor-id=\"5650\" class=\"elementor elementor-5650\" data-elementor-post-type=\"page\">\n\t\t\t\t<div class=\"elementor-element elementor-element-d9f2d0f e-flex e-con-boxed e-con e-parent\" data-id=\"d9f2d0f\" data-element_type=\"container\">\n\t\t\t\t\t<div class=\"e-con-inner\">\n\t\t\t\t<div class=\"elementor-element elementor-element-c2c6f15 elementor--h-position-center elementor--v-position-middle elementor-arrows-position-inside elementor-pagination-position-inside elementor-widget elementor-widget-slides\" data-id=\"c2c6f15\" data-element_type=\"widget\" data-settings=\"{&quot;navigation&quot;:&quot;both&quot;,&quot;autoplay&quot;:&quot;yes&quot;,&quot;pause_on_hover&quot;:&quot;yes&quot;,&quot;pause_on_interaction&quot;:&quot;yes&quot;,&quot;autoplay_speed&quot;:5000,&quot;infinite&quot;:&quot;yes&quot;,&quot;transition&quot;:&quot;slide&quot;,&quot;transition_speed&quot;:500}\" data-widget_type=\"slides.default\">\n\t\t\t\t<div class=\"elementor-widget-container\">\n\t\t\t\t\t<div class=\"elementor-swiper\">\n\t\t\t<div class=\"elementor-slides-wrapper elementor-main-swiper swiper\" dir=\"ltr\" data-animation=\"fadeInUp\">\n\t\t\t\t<div class=\"swiper-wrapper elementor-slides\">\n\t\t\t\t\t\t\t\t\t\t<div class=\"elementor-repeater-item-fed1bdc swiper-slide\"><div class=\"swiper-slide-bg\" role=\"img\"><\/div><div class=\"swiper-slide-inner\" ><div class=\"swiper-slide-contents\"><\/div><\/div><\/div><div class=\"elementor-repeater-item-59da1a7 swiper-slide\"><div class=\"swiper-slide-bg\" role=\"img\"><\/div><div class=\"swiper-slide-inner\" ><div class=\"swiper-slide-contents\"><\/div><\/div><\/div><div class=\"elementor-repeater-item-c78e21f swiper-slide\"><div class=\"swiper-slide-bg\" role=\"img\"><\/div><div class=\"swiper-slide-inner\" ><div class=\"swiper-slide-contents\"><\/div><\/div><\/div><div class=\"elementor-repeater-item-5d7880d swiper-slide\"><div class=\"swiper-slide-bg\" role=\"img\"><\/div><div class=\"swiper-slide-inner\" ><div class=\"swiper-slide-contents\"><\/div><\/div><\/div>\t\t\t\t<\/div>\n\t\t\t\t\t\t\t\t\t\t\t\t\t\t\t<div class=\"swiper-pagination\"><\/div>\n\t\t\t\t\t\t\t\t\t\t\t\t\t\t\t\t<div class=\"elementor-swiper-button elementor-swiper-button-prev\" role=\"button\" tabindex=\"0\">\n\t\t\t\t\t\t\t<svg aria-hidden=\"true\" class=\"e-font-icon-svg e-eicon-chevron-left\" viewbox=\"0 0 1000 1000\" xmlns=\"http:\/\/www.w3.org\/2000\/svg\"><path d=\"M646 125C629 125 613 133 604 142L308 442C296 454 292 471 292 487 292 504 296 521 308 533L604 854C617 867 629 875 646 875 663 875 679 871 692 858 704 846 713 829 713 812 713 796 708 779 692 767L438 487 692 225C700 217 708 204 708 187 708 171 704 154 692 142 675 129 663 125 646 125Z\"><\/path><\/svg>\t\t\t\t\t\t\t<span class=\"elementor-screen-only\">Previous slide<\/span>\n\t\t\t\t\t\t<\/div>\n\t\t\t\t\t\t<div class=\"elementor-swiper-button elementor-swiper-button-next\" role=\"button\" tabindex=\"0\">\n\t\t\t\t\t\t\t<svg aria-hidden=\"true\" class=\"e-font-icon-svg e-eicon-chevron-right\" viewbox=\"0 0 1000 1000\" xmlns=\"http:\/\/www.w3.org\/2000\/svg\"><path d=\"M696 533C708 521 713 504 713 487 713 471 708 454 696 446L400 146C388 133 375 125 354 125 338 125 325 129 313 142 300 154 292 171 292 187 292 204 296 221 308 233L563 492 304 771C292 783 288 800 288 817 288 833 296 850 308 863 321 871 338 875 354 875 371 875 388 867 400 854L696 533Z\"><\/path><\/svg>\t\t\t\t\t\t\t<span class=\"elementor-screen-only\">Next slide<\/span>\n\t\t\t\t\t\t<\/div>\n\t\t\t\t\t\t\t\t\t\t\t\t<\/div>\n\t\t<\/div>\n\t\t\t\t<\/div>\n\t\t\t\t<\/div>\n\t\t\t\t<div class=\"elementor-element elementor-element-bc06f20 elementor-widget elementor-widget-spacer\" data-id=\"bc06f20\" data-element_type=\"widget\" data-widget_type=\"spacer.default\">\n\t\t\t\t<div class=\"elementor-widget-container\">\n\t\t\t\t\t<div class=\"elementor-spacer\">\n\t\t\t<div class=\"elementor-spacer-inner\"><\/div>\n\t\t<\/div>\n\t\t\t\t<\/div>\n\t\t\t\t<\/div>\n\t\t\t\t\t<\/div>\n\t\t\t\t<\/div>\n\t\t<div class=\"elementor-element elementor-element-6296254 e-flex e-con-boxed e-con e-parent\" data-id=\"6296254\" data-element_type=\"container\">\n\t\t\t\t\t<div class=\"e-con-inner\">\n\t\t\t\t<div class=\"elementor-element elementor-element-a14a382 elementor-widget elementor-widget-heading\" data-id=\"a14a382\" data-element_type=\"widget\" data-widget_type=\"heading.default\">\n\t\t\t\t<div class=\"elementor-widget-container\">\n\t\t\t<h2 class=\"elementor-heading-title elementor-size-default\">Description of the<\/h2>\t\t<\/div>\n\t\t\t\t<\/div>\n\t\t\t\t\t<\/div>\n\t\t\t\t<\/div>\n\t\t<div class=\"elementor-element elementor-element-a6103f7 e-flex e-con-boxed e-con e-parent\" data-id=\"a6103f7\" data-element_type=\"container\">\n\t\t\t\t\t<div class=\"e-con-inner\">\n\t\t\t\t<div class=\"elementor-element elementor-element-676d685 elementor-widget elementor-widget-text-editor\" data-id=\"676d685\" data-element_type=\"widget\" data-widget_type=\"text-editor.default\">\n\t\t\t\t<div class=\"elementor-widget-container\">\n\t\t\t\t\t\t\t<p>Dieses komfortable Doppelzimmer ist frisch renoviert und war fr\u00fcher die Backstube der Haslachm\u00fchle. Die gro\u00dfz\u00fcgigen 50 m\u00b2 Wohnfl\u00e4che bieten einen separaten Hauseingang, ein Schlafzimmer mit Doppelbett, Bad sowie eine K\u00fcchenzeile mit Mikrowelle und einem Essbereich. Genie\u00dfen Sie von der Terrasse den Blick in unseren sch\u00f6nen Garten.<\/p><ul class=\"th_list th_list_simple\"><li>Double bed<\/li><li>SAT-TV, flat screen TV<\/li><li>Badezimmer mit Dusche, WC, Haartrockner<\/li><li>Vestibule with cloakroom<\/li><li>Terrasse mit Gartenblick<\/li><li>Lesesessel, Schreibtisch und Safe<\/li><li>K\u00fcche mit K\u00fchlschrank, Essbereich, Wasserkocher, Nespresso Kaffeemaschine<\/li><\/ul>\t\t\t\t\t\t<\/div>\n\t\t\t\t<\/div>\n\t\t\t\t\t<\/div>\n\t\t\t\t<\/div>\n\t\t<div class=\"elementor-element elementor-element-88652c1 e-con-full e-flex e-con e-child\" data-id=\"88652c1\" data-element_type=\"container\">\n\t\t\t\t<div class=\"elementor-element elementor-element-f98cb9b elementor-widget elementor-widget-button\" data-id=\"f98cb9b\" data-element_type=\"widget\" data-widget_type=\"button.default\">\n\t\t\t\t<div class=\"elementor-widget-container\">\n\t\t\t\t\t\t\t<div class=\"elementor-button-wrapper\">\n\t\t\t\t\t<a class=\"elementor-button elementor-button-link elementor-size-sm\" href=\"https:\/\/www.haslachmuehle.at\/en\/zimmer-buchen\/\">\n\t\t\t\t\t\t<span class=\"elementor-button-content-wrapper\">\n\t\t\t\t\t\t\t\t\t<span class=\"elementor-button-text\">BOOK A ROOM<\/span>\n\t\t\t\t\t<\/span>\n\t\t\t\t\t<\/a>\n\t\t\t\t<\/div>\n\t\t\t\t\t\t<\/div>\n\t\t\t\t<\/div>\n\t\t\t\t<div class=\"elementor-element elementor-element-937c0bc elementor-widget elementor-widget-button\" data-id=\"937c0bc\" data-element_type=\"widget\" data-widget_type=\"button.default\">\n\t\t\t\t<div class=\"elementor-widget-container\">\n\t\t\t\t\t\t\t<div class=\"elementor-button-wrapper\">\n\t\t\t\t\t<a class=\"elementor-button elementor-button-link elementor-size-sm\" href=\"https:\/\/www.haslachmuehle.at\/en\/kontakt\/\">\n\t\t\t\t\t\t<span class=\"elementor-button-content-wrapper\">\n\t\t\t\t\t\t\t\t\t<span class=\"elementor-button-text\">Non-binding enquiry<\/span>\n\t\t\t\t\t<\/span>\n\t\t\t\t\t<\/a>\n\t\t\t\t<\/div>\n\t\t\t\t\t\t<\/div>\n\t\t\t\t<\/div>\n\t\t\t\t<\/div>\n\t\t\t\t<\/div>","protected":false},"excerpt":{"rendered":"<p>Previous slide Next slide Beschreibung Dieses komfortable Doppelzimmer ist frisch renoviert und war fr\u00fcher die Backstube der Haslachm\u00fchle. Die gro\u00dfz\u00fcgigen 50 m\u00b2 Wohnfl\u00e4che bieten einen separaten Hauseingang, ein Schlafzimmer mit Doppelbett, Bad sowie eine K\u00fcchenzeile mit Mikrowelle und einem Essbereich. Genie\u00dfen Sie von der Terrasse den Blick in unseren sch\u00f6nen Garten. Doppelbett SAT-TV, Flachbildfernseher Badezimmer [&hellip;]<\/p>","protected":false},"author":1,"featured_media":5691,"parent":0,"menu_order":0,"comment_status":"closed","ping_status":"closed","template":"","meta":{"footnotes":""},"class_list":["post-5650","page","type-page","status-publish","has-post-thumbnail","hentry"],"_links":{"self":[{"href":"https:\/\/www.haslachmuehle.at\/en\/wp-json\/wp\/v2\/pages\/5650","targetHints":{"allow":["GET"]}}],"collection":[{"href":"https:\/\/www.haslachmuehle.at\/en\/wp-json\/wp\/v2\/pages"}],"about":[{"href":"https:\/\/www.haslachmuehle.at\/en\/wp-json\/wp\/v2\/types\/page"}],"author":[{"embeddable":true,"href":"https:\/\/www.haslachmuehle.at\/en\/wp-json\/wp\/v2\/users\/1"}],"replies":[{"embeddable":true,"href":"https:\/\/www.haslachmuehle.at\/en\/wp-json\/wp\/v2\/comments?post=5650"}],"version-history":[{"count":17,"href":"https:\/\/www.haslachmuehle.at\/en\/wp-json\/wp\/v2\/pages\/5650\/revisions"}],"predecessor-version":[{"id":5936,"href":"https:\/\/www.haslachmuehle.at\/en\/wp-json\/wp\/v2\/pages\/5650\/revisions\/5936"}],"wp:featuredmedia":[{"embeddable":true,"href":"https:\/\/www.haslachmuehle.at\/en\/wp-json\/wp\/v2\/media\/5691"}],"wp:attachment":[{"href":"https:\/\/www.haslachmuehle.at\/en\/wp-json\/wp\/v2\/media?parent=5650"}],"curies":[{"name":"wp","href":"https:\/\/api.w.org\/{rel}","templated":true}]}}