{"id":2108,"date":"2021-03-26T06:46:16","date_gmt":"2021-03-26T06:46:16","guid":{"rendered":"http:\/\/localhost\/nuss\/?page_id=437"},"modified":"2025-02-19T15:03:12","modified_gmt":"2025-02-19T15:03:12","slug":"zimmer-buchen","status":"publish","type":"page","link":"https:\/\/www.haslachmuehle.at\/en\/zimmer-buchen\/","title":{"rendered":"Zimmer Buchen"},"content":{"rendered":"<div data-elementor-type=\"wp-page\" data-elementor-id=\"2108\" class=\"elementor elementor-2108\" data-elementor-post-type=\"page\">\n\t\t\t\t<div class=\"elementor-element elementor-element-612a12f e-flex e-con-boxed e-con e-parent\" data-id=\"612a12f\" data-element_type=\"container\">\n\t\t\t\t\t<div class=\"e-con-inner\">\n\t\t<div class=\"elementor-element elementor-element-30e3a93 e-con-full e-flex e-con e-child\" data-id=\"30e3a93\" data-element_type=\"container\">\n\t\t\t\t<div class=\"elementor-element elementor-element-c8a1d6e elementor-widget elementor-widget-spacer\" data-id=\"c8a1d6e\" data-element_type=\"widget\" data-widget_type=\"spacer.default\">\n\t\t\t\t<div class=\"elementor-widget-container\">\n\t\t\t\t\t<div class=\"elementor-spacer\">\n\t\t\t<div class=\"elementor-spacer-inner\"><\/div>\n\t\t<\/div>\n\t\t\t\t<\/div>\n\t\t\t\t<\/div>\n\t\t\t\t<div class=\"elementor-element elementor-element-61e8e2b elementor-widget elementor-widget-heading\" data-id=\"61e8e2b\" data-element_type=\"widget\" data-widget_type=\"heading.default\">\n\t\t\t\t<div class=\"elementor-widget-container\">\n\t\t\t<h2 class=\"elementor-heading-title elementor-size-default\">BOOK ONLINE\n<\/h2>\t\t<\/div>\n\t\t\t\t<\/div>\n\t\t\t\t<div class=\"elementor-element elementor-element-6e5c4bb elementor-widget__width-initial elementor-invisible elementor-widget elementor-widget-text-editor\" data-id=\"6e5c4bb\" data-element_type=\"widget\" data-settings=\"{&quot;_animation&quot;:&quot;nussFadeInUp&quot;}\" data-widget_type=\"text-editor.default\">\n\t\t\t\t<div class=\"elementor-widget-container\">\n\t\t\t\t\t\t\t<p>Sie k\u00f6nnen Zimmer der Haslachm\u00fchle hier direkt mit booking.com buchen oder eine <a title=\"Book online\" href=\"https:\/\/www.haslachmuehle.at\/de\/kontakt\/\">Send a non-binding enquiry<\/a>.<\/p>\t\t\t\t\t\t<\/div>\n\t\t\t\t<\/div>\n\t\t<div class=\"elementor-element elementor-element-1fff019 e-grid e-con-full e-con e-child\" data-id=\"1fff019\" data-element_type=\"container\">\n\t\t\t\t<div class=\"elementor-element elementor-element-e659e41 elementor-widget elementor-widget-image\" data-id=\"e659e41\" data-element_type=\"widget\" data-widget_type=\"image.default\">\n\t\t\t\t<div class=\"elementor-widget-container\">\n\t\t\t\t\t\t\t\t\t\t\t\t\t<img decoding=\"async\" width=\"190\" height=\"40\" src=\"https:\/\/www.haslachmuehle.at\/wp-content\/uploads\/2024\/07\/booking_logo.jpg\" class=\"attachment-large size-large wp-image-5519\" alt=\"\" \/>\t\t\t\t\t\t\t\t\t\t\t\t\t<\/div>\n\t\t\t\t<\/div>\n\t\t\t\t<div class=\"elementor-element elementor-element-78e5e81 elementor-align-left elementor-widget elementor-widget-button\" data-id=\"78e5e81\" data-element_type=\"widget\" data-widget_type=\"button.default\">\n\t\t\t\t<div class=\"elementor-widget-container\">\n\t\t\t\t\t\t\t<div class=\"elementor-button-wrapper\">\n\t\t\t\t\t<a class=\"elementor-button elementor-button-link elementor-size-sm\" href=\"mailto:info@haslachmuehle.at\">\n\t\t\t\t\t\t<span class=\"elementor-button-content-wrapper\">\n\t\t\t\t\t\t\t\t\t<span class=\"elementor-button-text\">Email Buchung<\/span>\n\t\t\t\t\t<\/span>\n\t\t\t\t\t<\/a>\n\t\t\t\t<\/div>\n\t\t\t\t\t\t<\/div>\n\t\t\t\t<\/div>\n\t\t\t\t<\/div>\n\t\t\t\t<\/div>\n\t\t<div class=\"elementor-element elementor-element-66b0906 e-con-full e-flex e-con e-child\" data-id=\"66b0906\" data-element_type=\"container\" data-settings=\"{&quot;background_background&quot;:&quot;slideshow&quot;,&quot;background_slideshow_gallery&quot;:[{&quot;id&quot;:5405,&quot;url&quot;:&quot;https:\\\/\\\/www.haslachmuehle.at\\\/wp-content\\\/uploads\\\/2024\\\/06\\\/haus_nacht.jpg&quot;},{&quot;id&quot;:5459,&quot;url&quot;:&quot;https:\\\/\\\/www.haslachmuehle.at\\\/wp-content\\\/uploads\\\/2024\\\/06\\\/muellerin01.jpg&quot;}],&quot;background_slideshow_loop&quot;:&quot;yes&quot;,&quot;background_slideshow_slide_duration&quot;:5000,&quot;background_slideshow_slide_transition&quot;:&quot;fade&quot;,&quot;background_slideshow_transition_duration&quot;:500}\">\n\t\t\t\t<div class=\"elementor-element elementor-element-d410d5b elementor-widget elementor-widget-spacer\" data-id=\"d410d5b\" data-element_type=\"widget\" data-widget_type=\"spacer.default\">\n\t\t\t\t<div class=\"elementor-widget-container\">\n\t\t\t\t\t<div class=\"elementor-spacer\">\n\t\t\t<div class=\"elementor-spacer-inner\"><\/div>\n\t\t<\/div>\n\t\t\t\t<\/div>\n\t\t\t\t<\/div>\n\t\t\t\t<\/div>\n\t\t\t\t\t<\/div>\n\t\t\t\t<\/div>\n\t\t<div class=\"elementor-element elementor-element-9fc8354 e-flex e-con-boxed e-con e-parent\" data-id=\"9fc8354\" data-element_type=\"container\">\n\t\t\t\t\t<div class=\"e-con-inner\">\n\t\t\t\t<div class=\"elementor-element elementor-element-08e9d27 elementor-widget elementor-widget-spacer\" data-id=\"08e9d27\" data-element_type=\"widget\" data-widget_type=\"spacer.default\">\n\t\t\t\t<div class=\"elementor-widget-container\">\n\t\t\t\t\t<div class=\"elementor-spacer\">\n\t\t\t<div class=\"elementor-spacer-inner\"><\/div>\n\t\t<\/div>\n\t\t\t\t<\/div>\n\t\t\t\t<\/div>\n\t\t\t\t\t<\/div>\n\t\t\t\t<\/div>\n\t\t<div class=\"elementor-element elementor-element-4c9c7e8 e-flex e-con-boxed e-con e-parent\" data-id=\"4c9c7e8\" data-element_type=\"container\">\n\t\t\t\t\t<div class=\"e-con-inner\">\n\t\t<div class=\"elementor-element elementor-element-2ed4ad5 e-con-full e-flex e-con e-child\" data-id=\"2ed4ad5\" data-element_type=\"container\">\n\t\t\t\t<div class=\"elementor-element elementor-element-f07522f elementor-widget elementor-widget-image\" data-id=\"f07522f\" data-element_type=\"widget\" data-widget_type=\"image.default\">\n\t\t\t\t<div class=\"elementor-widget-container\">\n\t\t\t\t\t\t\t\t\t\t\t\t\t\t<a href=\"http:\/\/www.booking.com\/hotel\/at\/die-haslachmuhle.de.html?aid=330843&#038;hotel_id=1036221&#038;lang=de\">\n\t\t\t\t\t\t\t<img fetchpriority=\"high\" decoding=\"async\" width=\"1024\" height=\"720\" src=\"https:\/\/www.haslachmuehle.at\/wp-content\/uploads\/2025\/02\/Digital-Gallery-Award-TRA-2025-1024x720.png\" class=\"attachment-large size-large wp-image-6004\" alt=\"\" srcset=\"https:\/\/www.haslachmuehle.at\/wp-content\/uploads\/2025\/02\/Digital-Gallery-Award-TRA-2025-1024x720.png 1024w, https:\/\/www.haslachmuehle.at\/wp-content\/uploads\/2025\/02\/Digital-Gallery-Award-TRA-2025-300x211.png 300w, https:\/\/www.haslachmuehle.at\/wp-content\/uploads\/2025\/02\/Digital-Gallery-Award-TRA-2025-768x540.png 768w, https:\/\/www.haslachmuehle.at\/wp-content\/uploads\/2025\/02\/Digital-Gallery-Award-TRA-2025-18x12.png 18w, https:\/\/www.haslachmuehle.at\/wp-content\/uploads\/2025\/02\/Digital-Gallery-Award-TRA-2025-600x422.png 600w, https:\/\/www.haslachmuehle.at\/wp-content\/uploads\/2025\/02\/Digital-Gallery-Award-TRA-2025.png 1280w\" sizes=\"(max-width: 1024px) 100vw, 1024px\" \/>\t\t\t\t\t\t\t\t<\/a>\n\t\t\t\t\t\t\t\t\t\t\t\t\t<\/div>\n\t\t\t\t<\/div>\n\t\t\t\t<\/div>\n\t\t<div class=\"elementor-element elementor-element-ecf0731 e-con-full e-flex e-con e-child\" data-id=\"ecf0731\" data-element_type=\"container\">\n\t\t\t\t<div class=\"elementor-element elementor-element-8a17761 elementor-widget elementor-widget-spacer\" data-id=\"8a17761\" data-element_type=\"widget\" data-widget_type=\"spacer.default\">\n\t\t\t\t<div class=\"elementor-widget-container\">\n\t\t\t\t\t<div class=\"elementor-spacer\">\n\t\t\t<div class=\"elementor-spacer-inner\"><\/div>\n\t\t<\/div>\n\t\t\t\t<\/div>\n\t\t\t\t<\/div>\n\t\t\t\t<div class=\"elementor-element elementor-element-50c6d96 elementor-widget__width-initial elementor-invisible elementor-widget elementor-widget-text-editor\" data-id=\"50c6d96\" data-element_type=\"widget\" data-settings=\"{&quot;_animation&quot;:&quot;nussFadeInUp&quot;}\" data-widget_type=\"text-editor.default\">\n\t\t\t\t<div class=\"elementor-widget-container\">\n\t\t\t\t\t\t\t<p>Wir freuen uns \u00fcber den <strong data-start=\"175\" data-end=\"206\">Traveller Review Award 2025<\/strong> mit einer herausragenden Bewertung von <strong data-start=\"246\" data-end=\"260\">9,8 von 10<\/strong>!<\/p><p>Vielen Dank an unsere G\u00e4ste f\u00fcr das Vertrauen und die tollen R\u00fcckmeldungen.<\/p>\t\t\t\t\t\t<\/div>\n\t\t\t\t<\/div>\n\t\t\t\t<\/div>\n\t\t\t\t\t<\/div>\n\t\t\t\t<\/div>\n\t\t\t\t<\/div>","protected":false},"excerpt":{"rendered":"<p>ONLINE BUCHEN Sie k\u00f6nnen Zimmer der Haslachm\u00fchle hier direkt mit booking.com buchen oder eine unverbindliche Anfrage schicken. Email Buchung Wir freuen uns \u00fcber den Traveller Review Award 2025 mit einer herausragenden Bewertung von 9,8 von 10! Vielen Dank an unsere G\u00e4ste f\u00fcr das Vertrauen und die tollen R\u00fcckmeldungen.<\/p>","protected":false},"author":1,"featured_media":0,"parent":0,"menu_order":0,"comment_status":"closed","ping_status":"closed","template":"elementor_header_footer","meta":{"footnotes":""},"class_list":["post-2108","page","type-page","status-publish","hentry","post-no-thumbnail"],"_links":{"self":[{"href":"https:\/\/www.haslachmuehle.at\/en\/wp-json\/wp\/v2\/pages\/2108","targetHints":{"allow":["GET"]}}],"collection":[{"href":"https:\/\/www.haslachmuehle.at\/en\/wp-json\/wp\/v2\/pages"}],"about":[{"href":"https:\/\/www.haslachmuehle.at\/en\/wp-json\/wp\/v2\/types\/page"}],"author":[{"embeddable":true,"href":"https:\/\/www.haslachmuehle.at\/en\/wp-json\/wp\/v2\/users\/1"}],"replies":[{"embeddable":true,"href":"https:\/\/www.haslachmuehle.at\/en\/wp-json\/wp\/v2\/comments?post=2108"}],"version-history":[{"count":20,"href":"https:\/\/www.haslachmuehle.at\/en\/wp-json\/wp\/v2\/pages\/2108\/revisions"}],"predecessor-version":[{"id":6043,"href":"https:\/\/www.haslachmuehle.at\/en\/wp-json\/wp\/v2\/pages\/2108\/revisions\/6043"}],"wp:attachment":[{"href":"https:\/\/www.haslachmuehle.at\/en\/wp-json\/wp\/v2\/media?parent=2108"}],"curies":[{"name":"wp","href":"https:\/\/api.w.org\/{rel}","templated":true}]}}